{"id":238,"date":"2021-12-08T18:57:10","date_gmt":"2021-12-08T23:57:10","guid":{"rendered":"https:\/\/dev.churchesindialogue.ca\/?page_id=238"},"modified":"2021-12-08T19:00:36","modified_gmt":"2021-12-09T00:00:36","slug":"mise-en-contexte","status":"publish","type":"page","link":"https:\/\/www.churchesindialogue.ca\/fr\/vous-etes-vous-deja-demandes\/mise-en-contexte\/","title":{"rendered":"Mise en contexte"},"content":{"rendered":"\t\t<div data-elementor-type=\"wp-page\" data-elementor-id=\"238\" class=\"elementor elementor-238 elementor-228\" data-elementor-post-type=\"page\">\n\t\t\t\t\t\t<section class=\"elementor-section elementor-top-section elementor-element elementor-element-309228b0 elementor-section-boxed elementor-section-height-default elementor-section-height-default\" data-id=\"309228b0\" data-element_type=\"section\" data-e-type=\"section\">\n\t\t\t\t\t\t<div class=\"elementor-container elementor-column-gap-default\">\n\t\t\t\t\t<div class=\"elementor-column elementor-col-100 elementor-top-column elementor-element elementor-element-3da82527\" data-id=\"3da82527\" data-element_type=\"column\" data-e-type=\"column\">\n\t\t\t<div class=\"elementor-widget-wrap elementor-element-populated\">\n\t\t\t\t\t\t<div class=\"elementor-element elementor-element-6c555a8 elementor-widget elementor-widget-image\" data-id=\"6c555a8\" data-element_type=\"widget\" data-e-type=\"widget\" data-widget_type=\"image.default\">\n\t\t\t\t<div class=\"elementor-widget-container\">\n\t\t\t\t\t\t\t\t\t\t\t\t\t\t\t<img fetchpriority=\"high\" decoding=\"async\" width=\"900\" height=\"130\" src=\"https:\/\/www.churchesindialogue.ca\/wp-content\/uploads\/dyewtitlefr.png\" class=\"attachment-full size-full wp-image-243\" alt=\"Vous \u00e9t\u00e9s-vous d\u00e9j\u00e0 demand\u00e9s?\" srcset=\"https:\/\/www.churchesindialogue.ca\/wp-content\/uploads\/dyewtitlefr.png 900w, https:\/\/www.churchesindialogue.ca\/wp-content\/uploads\/dyewtitlefr-300x43.png 300w, https:\/\/www.churchesindialogue.ca\/wp-content\/uploads\/dyewtitlefr-768x111.png 768w\" sizes=\"(max-width: 900px) 100vw, 900px\" \/>\t\t\t\t\t\t\t\t\t\t\t\t\t\t\t<\/div>\n\t\t\t\t<\/div>\n\t\t\t\t<div class=\"elementor-element elementor-element-6dbecba8 elementor-widget elementor-widget-text-editor\" data-id=\"6dbecba8\" data-element_type=\"widget\" data-e-type=\"widget\" data-widget_type=\"text-editor.default\">\n\t\t\t\t<div class=\"elementor-widget-container\">\n\t\t\t\t\t\t\t\t\t<p>Ces r\u00e9flexions ont commenc\u00e9 par un groupe de personnes qui ont pass\u00e9 du temps \u00e0 r\u00e9fl\u00e9chir ensemble\u00a0\u00e0 d\u2019importantes questions. Ce projet est issu du travail du dialogue entre anglicans et catholiques romains du Canada. Il a \u00e9merg\u00e9 de la prise de conscience croissante du changement dans la teneur des questions concernant la religion dans notre culture. Les Canadiennes et Canadiens moyens semblent moins pr\u00e9occup\u00e9s par la mani\u00e8re de favoriser l\u2019unit\u00e9 entre des \u00c9glises chr\u00e9tiennes divis\u00e9es \u00a0et plus enclins \u00e0 se poser quelques questions de base: Pourquoi le christianisme?\u00a0 Pourquoi l\u2019\u00c9glise? Pourquoi, \u00e0 tout prendre, une religion organis\u00e9e?<\/p><p>Tout dialogue commence par la perception d\u2019une diff\u00e9rence. Cependant, nous nous sommes de plus en plus centr\u00e9s sur les fa\u00e7ons par lesquelles \u00a0les anglicans et les \u00a0catholiques romains pourraient s\u2019adresser d\u2019une m\u00eame voix aux personnes de notre culture. Cette r\u00e9orientation fait \u00e9cho \u00e0 des d\u00e9veloppements plus \u00e9tendus au sein de nos deux communions.<\/p><p>Un synode sur l\u2019\u00e9vang\u00e9lisation s\u2019est tenu au sein de l\u2019\u00c9glise catholique dans le but de mieux comprendre comment l\u2019\u00c9glise pourrait rejoindre \u00a0les personnes qui posent des questions sur la vie et la foi \u2014questions auxquelles on a\u00a0 peut-\u00eatre \u00a0r\u00e9pondu de fa\u00e7on inad\u00e9quate dans leur jeunesse.<\/p><p>Au sein de la communion anglicane, on d\u00e9ploie une \u00a0\u00e9nergie comparable pour alimenter des conversations sur l\u2019\u00c9vangile et la culture, tel que mentionn\u00e9 dans les Cinq Marques de la Mission, plus particuli\u00e8rement l\u2019appel \u00a0\u00e0 proclamer la Bonne Nouvelle du Royaume.<\/p><p>Les deux \u00c9glises se demandent si et comment il peut \u00eatre possible de parler \u00e0 nouveau de la foi en J\u00e9sus Christ \u00e0 ces personnes.<\/p><p>Le dialogue entre anglicans et catholiques romains s\u2019est demand\u00e9 comment il pourrait appuyer l\u2019\u00c9glise, dans son ensemble, dans son d\u00e9sir de rencontrer les personnes l\u00e0 o\u00f9 elles sont \u00a0dans leur questionnement sur la foi. Le dialogue s\u2019est aussi demand\u00e9 si ce moment pr\u00e9cis dans notre culture serait peut-\u00eatre un appel aux \u00c9glises \u00e0 mettre en place une nouvelle fa\u00e7on d\u2019\u00eatre \u0153cum\u00e9niques.<\/p><p>Sur le plan international, les anglicans et les catholiques romains sont engag\u00e9s dans un dialogue depuis la fin des ann\u00e9es 1960. Ici au Canada, le dialogue th\u00e9ologique entre nos \u00c9glises a commenc\u00e9 en 1971, et un dialogue distinct a d\u00e9but\u00e9 en 1975 entre nos \u00e9v\u00eaques. Ces dialogues ont tous deux donn\u00e9 d\u2019excellents r\u00e9sultats. Ils nous ont aid\u00e9s \u00e0 identifier \u00a0les \u00e9l\u00e9ments de foi, \u00a0nombreux et significatifs, que nous partageons. Ils ont aussi identifi\u00e9 des diff\u00e9rences, qui subsistent et qui sont le sujet de notre dialogue en cours.<\/p><p>Par ce projet, notre dialogue national entre anglicans et catholiques romains tente quelque chose de nouveau: comment pouvons-nous t\u00e9moigner <em>ensemble<\/em> de la foi que nous avons en commun? Nous continuerons \u00e0 nous pencher sur nos diff\u00e9rences en temps opportun mais, \u00e9tant donn\u00e9 combien nous nous sommes rapproch\u00e9s au cours des derni\u00e8res d\u00e9cennies, comment pouvons-nous parler de nos joies et de notre esp\u00e9rance ensemble\u2014d\u00e8s maintenant\u2014de fa\u00e7on \u00e0 captiver les esprits et les c\u0153urs des personnes d\u2019aujourd\u2019hui qui sont en qu\u00eate?<\/p><p>Ensemble nous avons lanc\u00e9 des id\u00e9es concernant les questions existentielles de base qui pr\u00e9occupent beaucoup de nos contemporains. Elles sont devenues les sujets des essais qui suivent: Pourquoi le monde est-il tel qu\u2019il est? Ira-t-il bien? Qu\u2019est-ce que le courage? Quel est mon but dans la vie? La religion et la science\u2014comment s\u2019imbriquent-elles? Pourquoi tant de religions? Pourquoi croire? Pourquoi une appartenance? Pourquoi prier? Pourquoi l\u2019\u00c9glise? Pourquoi appartenir \u00e0 <em>cette <\/em>\u00c9glise?<\/p><p>Au cours de plusieurs rencontres, des th\u00e9ologiens et des \u00e9v\u00eaques du dialogue ont r\u00e9dig\u00e9 des projets de r\u00e9ponses individuelles \u00a0\u00e0 ces questions et le groupe les a par la suite discut\u00e9es.\u00a0 Nous nous sommes interrog\u00e9s sur le sens des mots et la facture des phrases. Nous avons travaill\u00e9 \u00e0 rendre nos mots accessibles plut\u00f4t qu\u2019\u00e9sot\u00e9riques et mystifiants, tout en restant porteurs des v\u00e9rit\u00e9s th\u00e9ologiques que nos communions ont en commun.<\/p><p>Au fur et \u00e0 mesure que ce travail en commun avan\u00e7ait quelques r\u00e9alisations-cl\u00e9s se sont impos\u00e9es comme th\u00e8mes.\u00a0 Il \u00e9tait important que notre \u00e9criture communique clairement le fait que nos m\u00e9ditations ne fournissent \u00a0pas \u00abdes r\u00e9ponses\u00bb aux questions existentielles profondes qui sont pos\u00e9es. Nous avons plut\u00f4t cherch\u00e9 \u00e0 r\u00e9fl\u00e9chir \u00e0 ces questions de mani\u00e8re approfondie et \u00e0 partager certaines des riches connaissances que la tradition chr\u00e9tienne propose \u00e0 leur lumi\u00e8re. Nous voudrions souligner que ces textes, issus de notre dialogue, sont sous la responsabilit\u00e9 individuelle des auteurs. De plus, nous reconnaissons que ces r\u00e9ponses \u00a0ne viennent pas toujours ais\u00e9ment et qu\u2019elles n\u2019ont pas pour but de clore la conversation \u00a0sur ce qui est vrai, bon, beau et sur ce pourquoi il vaut la peine de faire des efforts dans la vie.<\/p><p>Enfin, nous partageons avec vous une gr\u00e2ce qui a \u00e9merg\u00e9 du dialogue: vivre l\u2019exp\u00e9rience de r\u00e9aliser combien, en fait, nous \u00a0avons en commun en tant que catholiques romains et anglicans. Ce n\u2019est peut-\u00eatre qu\u2019une fois ou deux au cours du processus qu\u2019on a pos\u00e9 la question: \u00abEst-ce que votre \u00c9glise croit aussi en cela?\u00bb<\/p><p>Nous esp\u00e9rons qu\u2019on trouvera dans ces pages des \u00e9l\u00e9ments \u00a0qui puissent \u00a0rendre plus claire notre compr\u00e9hension \u00a0de ce que cela signifie que de croire au Dieu de J\u00e9sus Christ, que d\u2019appartenir \u00e0 une \u00c9glise, que de prier et que de discerner les traits du courage ainsi que sa mission personnelle. Merci de nous avoir donn\u00e9 l\u2019occasion de partager une partie de notre cheminement avec vous.<\/p><p>Paix et joie de la part du dialogue entre anglicans et catholiques romains du Canada!<\/p>\t\t\t\t\t\t\t\t<\/div>\n\t\t\t\t<\/div>\n\t\t\t\t\t<\/div>\n\t\t<\/div>\n\t\t\t\t\t<\/div>\n\t\t<\/section>\n\t\t\t\t<\/div>\n\t\t","protected":false},"excerpt":{"rendered":"<p>Ces r\u00e9flexions ont commenc\u00e9 par un groupe de personnes qui ont pass\u00e9 du temps \u00e0 r\u00e9fl\u00e9chir ensemble\u00a0\u00e0 d\u2019importantes questions. Ce projet est issu du travail du dialogue entre anglicans et catholiques romains du Canada. Il a \u00e9merg\u00e9 de la prise de conscience croissante du changement dans la teneur des questions concernant la religion dans notre [&hellip;]<\/p>\n","protected":false},"author":2,"featured_media":0,"parent":536,"menu_order":2,"comment_status":"closed","ping_status":"closed","template":"","meta":{"_acf_changed":false,"_monsterinsights_skip_tracking":false,"_monsterinsights_sitenote_active":false,"_monsterinsights_sitenote_note":"","_monsterinsights_sitenote_category":0,"footnotes":""},"tags":[15,18],"class_list":["post-238","page","type-page","status-publish","hentry","tag-dyew-fr","tag-dyew-fr-fr"],"acf":[],"yoast_head":"<!-- This site is optimized with the Yoast SEO plugin v27.4 - https:\/\/yoast.com\/product\/yoast-seo-wordpress\/ -->\n<title>Mise en contexte - Churches in Dialogue<\/title>\n<meta name=\"robots\" content=\"index, follow, max-snippet:-1, max-image-preview:large, max-video-preview:-1\" \/>\n<link rel=\"canonical\" href=\"https:\/\/www.churchesindialogue.ca\/fr\/vous-etes-vous-deja-demandes\/mise-en-contexte\/\" \/>\n<meta property=\"og:locale\" content=\"fr_CA\" \/>\n<meta property=\"og:type\" content=\"article\" \/>\n<meta property=\"og:title\" content=\"Mise en contexte - Churches in Dialogue\" \/>\n<meta property=\"og:description\" content=\"Ces r\u00e9flexions ont commenc\u00e9 par un groupe de personnes qui ont pass\u00e9 du temps \u00e0 r\u00e9fl\u00e9chir ensemble\u00a0\u00e0 d\u2019importantes questions. Ce projet est issu du travail du dialogue entre anglicans et catholiques romains du Canada. Il a \u00e9merg\u00e9 de la prise de conscience croissante du changement dans la teneur des questions concernant la religion dans notre [&hellip;]\" \/>\n<meta property=\"og:url\" content=\"https:\/\/www.churchesindialogue.ca\/fr\/vous-etes-vous-deja-demandes\/mise-en-contexte\/\" \/>\n<meta property=\"og:site_name\" content=\"Churches in Dialogue\" \/>\n<meta property=\"article:modified_time\" content=\"2021-12-09T00:00:36+00:00\" \/>\n<meta property=\"og:image\" content=\"http:\/\/www.churchesindialogue.ca\/wp-content\/uploads\/dyewtitlefr.png\" \/>\n<meta name=\"twitter:card\" content=\"summary_large_image\" \/>\n<script type=\"application\/ld+json\" class=\"yoast-schema-graph\">{\"@context\":\"https:\\\/\\\/schema.org\",\"@graph\":[{\"@type\":\"WebPage\",\"@id\":\"https:\\\/\\\/www.churchesindialogue.ca\\\/fr\\\/vous-etes-vous-deja-demandes\\\/mise-en-contexte\\\/\",\"url\":\"https:\\\/\\\/www.churchesindialogue.ca\\\/fr\\\/vous-etes-vous-deja-demandes\\\/mise-en-contexte\\\/\",\"name\":\"Mise en contexte - Churches in Dialogue\",\"isPartOf\":{\"@id\":\"https:\\\/\\\/www.churchesindialogue.ca\\\/fr\\\/#website\"},\"primaryImageOfPage\":{\"@id\":\"https:\\\/\\\/www.churchesindialogue.ca\\\/fr\\\/vous-etes-vous-deja-demandes\\\/mise-en-contexte\\\/#primaryimage\"},\"image\":{\"@id\":\"https:\\\/\\\/www.churchesindialogue.ca\\\/fr\\\/vous-etes-vous-deja-demandes\\\/mise-en-contexte\\\/#primaryimage\"},\"thumbnailUrl\":\"http:\\\/\\\/www.churchesindialogue.ca\\\/wp-content\\\/uploads\\\/dyewtitlefr.png\",\"datePublished\":\"2021-12-08T23:57:10+00:00\",\"dateModified\":\"2021-12-09T00:00:36+00:00\",\"breadcrumb\":{\"@id\":\"https:\\\/\\\/www.churchesindialogue.ca\\\/fr\\\/vous-etes-vous-deja-demandes\\\/mise-en-contexte\\\/#breadcrumb\"},\"inLanguage\":\"fr-CA\",\"potentialAction\":[{\"@type\":\"ReadAction\",\"target\":[\"https:\\\/\\\/www.churchesindialogue.ca\\\/fr\\\/vous-etes-vous-deja-demandes\\\/mise-en-contexte\\\/\"]}]},{\"@type\":\"ImageObject\",\"inLanguage\":\"fr-CA\",\"@id\":\"https:\\\/\\\/www.churchesindialogue.ca\\\/fr\\\/vous-etes-vous-deja-demandes\\\/mise-en-contexte\\\/#primaryimage\",\"url\":\"http:\\\/\\\/www.churchesindialogue.ca\\\/wp-content\\\/uploads\\\/dyewtitlefr.png\",\"contentUrl\":\"http:\\\/\\\/www.churchesindialogue.ca\\\/wp-content\\\/uploads\\\/dyewtitlefr.png\"},{\"@type\":\"BreadcrumbList\",\"@id\":\"https:\\\/\\\/www.churchesindialogue.ca\\\/fr\\\/vous-etes-vous-deja-demandes\\\/mise-en-contexte\\\/#breadcrumb\",\"itemListElement\":[{\"@type\":\"ListItem\",\"position\":1,\"name\":\"Page d'accueil\",\"item\":\"https:\\\/\\\/www.churchesindialogue.ca\\\/fr\\\/\"},{\"@type\":\"ListItem\",\"position\":2,\"name\":\"Vous \u00eates-vous d\u00e9j\u00e0 demand\u00e9s?\",\"item\":\"https:\\\/\\\/www.churchesindialogue.ca\\\/fr\\\/vous-etes-vous-deja-demandes\\\/\"},{\"@type\":\"ListItem\",\"position\":3,\"name\":\"Mise en contexte\"}]},{\"@type\":\"WebSite\",\"@id\":\"https:\\\/\\\/www.churchesindialogue.ca\\\/fr\\\/#website\",\"url\":\"https:\\\/\\\/www.churchesindialogue.ca\\\/fr\\\/\",\"name\":\"Churches in Dialogue\",\"description\":\"Resources from the Anglican-Roman Catholic Dialogue in Canada\",\"publisher\":{\"@id\":\"https:\\\/\\\/www.churchesindialogue.ca\\\/fr\\\/#organization\"},\"potentialAction\":[{\"@type\":\"SearchAction\",\"target\":{\"@type\":\"EntryPoint\",\"urlTemplate\":\"https:\\\/\\\/www.churchesindialogue.ca\\\/fr\\\/?s={search_term_string}\"},\"query-input\":{\"@type\":\"PropertyValueSpecification\",\"valueRequired\":true,\"valueName\":\"search_term_string\"}}],\"inLanguage\":\"fr-CA\"},{\"@type\":\"Organization\",\"@id\":\"https:\\\/\\\/www.churchesindialogue.ca\\\/fr\\\/#organization\",\"name\":\"Churches in Dialogue\",\"url\":\"https:\\\/\\\/www.churchesindialogue.ca\\\/fr\\\/\",\"logo\":{\"@type\":\"ImageObject\",\"inLanguage\":\"fr-CA\",\"@id\":\"https:\\\/\\\/www.churchesindialogue.ca\\\/fr\\\/#\\\/schema\\\/logo\\\/image\\\/\",\"url\":\"https:\\\/\\\/www.churchesindialogue.ca\\\/wp-content\\\/uploads\\\/cid1200.png\",\"contentUrl\":\"https:\\\/\\\/www.churchesindialogue.ca\\\/wp-content\\\/uploads\\\/cid1200.png\",\"width\":1200,\"height\":630,\"caption\":\"Churches in Dialogue\"},\"image\":{\"@id\":\"https:\\\/\\\/www.churchesindialogue.ca\\\/fr\\\/#\\\/schema\\\/logo\\\/image\\\/\"}}]}<\/script>\n<!-- \/ Yoast SEO plugin. -->","yoast_head_json":{"title":"Mise en contexte - Churches in Dialogue","robots":{"index":"index","follow":"follow","max-snippet":"max-snippet:-1","max-image-preview":"max-image-preview:large","max-video-preview":"max-video-preview:-1"},"canonical":"https:\/\/www.churchesindialogue.ca\/fr\/vous-etes-vous-deja-demandes\/mise-en-contexte\/","og_locale":"fr_CA","og_type":"article","og_title":"Mise en contexte - Churches in Dialogue","og_description":"Ces r\u00e9flexions ont commenc\u00e9 par un groupe de personnes qui ont pass\u00e9 du temps \u00e0 r\u00e9fl\u00e9chir ensemble\u00a0\u00e0 d\u2019importantes questions. Ce projet est issu du travail du dialogue entre anglicans et catholiques romains du Canada. Il a \u00e9merg\u00e9 de la prise de conscience croissante du changement dans la teneur des questions concernant la religion dans notre [&hellip;]","og_url":"https:\/\/www.churchesindialogue.ca\/fr\/vous-etes-vous-deja-demandes\/mise-en-contexte\/","og_site_name":"Churches in Dialogue","article_modified_time":"2021-12-09T00:00:36+00:00","og_image":[{"url":"http:\/\/www.churchesindialogue.ca\/wp-content\/uploads\/dyewtitlefr.png","type":"","width":"","height":""}],"twitter_card":"summary_large_image","schema":{"@context":"https:\/\/schema.org","@graph":[{"@type":"WebPage","@id":"https:\/\/www.churchesindialogue.ca\/fr\/vous-etes-vous-deja-demandes\/mise-en-contexte\/","url":"https:\/\/www.churchesindialogue.ca\/fr\/vous-etes-vous-deja-demandes\/mise-en-contexte\/","name":"Mise en contexte - Churches in Dialogue","isPartOf":{"@id":"https:\/\/www.churchesindialogue.ca\/fr\/#website"},"primaryImageOfPage":{"@id":"https:\/\/www.churchesindialogue.ca\/fr\/vous-etes-vous-deja-demandes\/mise-en-contexte\/#primaryimage"},"image":{"@id":"https:\/\/www.churchesindialogue.ca\/fr\/vous-etes-vous-deja-demandes\/mise-en-contexte\/#primaryimage"},"thumbnailUrl":"http:\/\/www.churchesindialogue.ca\/wp-content\/uploads\/dyewtitlefr.png","datePublished":"2021-12-08T23:57:10+00:00","dateModified":"2021-12-09T00:00:36+00:00","breadcrumb":{"@id":"https:\/\/www.churchesindialogue.ca\/fr\/vous-etes-vous-deja-demandes\/mise-en-contexte\/#breadcrumb"},"inLanguage":"fr-CA","potentialAction":[{"@type":"ReadAction","target":["https:\/\/www.churchesindialogue.ca\/fr\/vous-etes-vous-deja-demandes\/mise-en-contexte\/"]}]},{"@type":"ImageObject","inLanguage":"fr-CA","@id":"https:\/\/www.churchesindialogue.ca\/fr\/vous-etes-vous-deja-demandes\/mise-en-contexte\/#primaryimage","url":"http:\/\/www.churchesindialogue.ca\/wp-content\/uploads\/dyewtitlefr.png","contentUrl":"http:\/\/www.churchesindialogue.ca\/wp-content\/uploads\/dyewtitlefr.png"},{"@type":"BreadcrumbList","@id":"https:\/\/www.churchesindialogue.ca\/fr\/vous-etes-vous-deja-demandes\/mise-en-contexte\/#breadcrumb","itemListElement":[{"@type":"ListItem","position":1,"name":"Page d'accueil","item":"https:\/\/www.churchesindialogue.ca\/fr\/"},{"@type":"ListItem","position":2,"name":"Vous \u00eates-vous d\u00e9j\u00e0 demand\u00e9s?","item":"https:\/\/www.churchesindialogue.ca\/fr\/vous-etes-vous-deja-demandes\/"},{"@type":"ListItem","position":3,"name":"Mise en contexte"}]},{"@type":"WebSite","@id":"https:\/\/www.churchesindialogue.ca\/fr\/#website","url":"https:\/\/www.churchesindialogue.ca\/fr\/","name":"Churches in Dialogue","description":"Resources from the Anglican-Roman Catholic Dialogue in Canada","publisher":{"@id":"https:\/\/www.churchesindialogue.ca\/fr\/#organization"},"potentialAction":[{"@type":"SearchAction","target":{"@type":"EntryPoint","urlTemplate":"https:\/\/www.churchesindialogue.ca\/fr\/?s={search_term_string}"},"query-input":{"@type":"PropertyValueSpecification","valueRequired":true,"valueName":"search_term_string"}}],"inLanguage":"fr-CA"},{"@type":"Organization","@id":"https:\/\/www.churchesindialogue.ca\/fr\/#organization","name":"Churches in Dialogue","url":"https:\/\/www.churchesindialogue.ca\/fr\/","logo":{"@type":"ImageObject","inLanguage":"fr-CA","@id":"https:\/\/www.churchesindialogue.ca\/fr\/#\/schema\/logo\/image\/","url":"https:\/\/www.churchesindialogue.ca\/wp-content\/uploads\/cid1200.png","contentUrl":"https:\/\/www.churchesindialogue.ca\/wp-content\/uploads\/cid1200.png","width":1200,"height":630,"caption":"Churches in Dialogue"},"image":{"@id":"https:\/\/www.churchesindialogue.ca\/fr\/#\/schema\/logo\/image\/"}}]}},"_links":{"self":[{"href":"https:\/\/www.churchesindialogue.ca\/fr\/wp-json\/wp\/v2\/pages\/238","targetHints":{"allow":["GET"]}}],"collection":[{"href":"https:\/\/www.churchesindialogue.ca\/fr\/wp-json\/wp\/v2\/pages"}],"about":[{"href":"https:\/\/www.churchesindialogue.ca\/fr\/wp-json\/wp\/v2\/types\/page"}],"author":[{"embeddable":true,"href":"https:\/\/www.churchesindialogue.ca\/fr\/wp-json\/wp\/v2\/users\/2"}],"replies":[{"embeddable":true,"href":"https:\/\/www.churchesindialogue.ca\/fr\/wp-json\/wp\/v2\/comments?post=238"}],"version-history":[{"count":7,"href":"https:\/\/www.churchesindialogue.ca\/fr\/wp-json\/wp\/v2\/pages\/238\/revisions"}],"predecessor-version":[{"id":247,"href":"https:\/\/www.churchesindialogue.ca\/fr\/wp-json\/wp\/v2\/pages\/238\/revisions\/247"}],"up":[{"embeddable":true,"href":"https:\/\/www.churchesindialogue.ca\/fr\/wp-json\/wp\/v2\/pages\/536"}],"wp:attachment":[{"href":"https:\/\/www.churchesindialogue.ca\/fr\/wp-json\/wp\/v2\/media?parent=238"}],"wp:term":[{"taxonomy":"post_tag","embeddable":true,"href":"https:\/\/www.churchesindialogue.ca\/fr\/wp-json\/wp\/v2\/tags?post=238"}],"curies":[{"name":"wp","href":"https:\/\/api.w.org\/{rel}","templated":true}]}}