{"id":313,"date":"2021-12-13T14:41:00","date_gmt":"2021-12-13T19:41:00","guid":{"rendered":"https:\/\/dev.churchesindialogue.ca\/?page_id=313"},"modified":"2021-12-13T14:42:23","modified_gmt":"2021-12-13T19:42:23","slug":"quelle-est-ma-mission-dans-la-vie","status":"publish","type":"page","link":"https:\/\/www.churchesindialogue.ca\/fr\/vous-etes-vous-deja-demandes\/quelle-est-ma-mission-dans-la-vie\/","title":{"rendered":"Quelle est ma mission dans la vie?"},"content":{"rendered":"\t\t<div data-elementor-type=\"wp-page\" data-elementor-id=\"313\" class=\"elementor elementor-313 elementor-303\" data-elementor-post-type=\"page\">\n\t\t\t\t\t\t<section class=\"elementor-section elementor-top-section elementor-element elementor-element-99fcaea elementor-section-boxed elementor-section-height-default elementor-section-height-default\" data-id=\"99fcaea\" data-element_type=\"section\" data-e-type=\"section\">\n\t\t\t\t\t\t<div class=\"elementor-container elementor-column-gap-default\">\n\t\t\t\t\t<div class=\"elementor-column elementor-col-100 elementor-top-column elementor-element elementor-element-d65a88b\" data-id=\"d65a88b\" data-element_type=\"column\" data-e-type=\"column\">\n\t\t\t<div class=\"elementor-widget-wrap elementor-element-populated\">\n\t\t\t\t\t\t<div class=\"elementor-element elementor-element-612ae4d elementor-widget elementor-widget-video\" data-id=\"612ae4d\" data-element_type=\"widget\" data-e-type=\"widget\" data-settings=\"{&quot;video_type&quot;:&quot;vimeo&quot;}\" data-widget_type=\"video.default\">\n\t\t\t\t<div class=\"elementor-widget-container\">\n\t\t\t\t\t\t\t<div class=\"elementor-wrapper elementor-open-inline\">\n\t\t\t<iframe class=\"elementor-video-iframe\" allowfullscreen allow=\"clipboard-write\" title=\"Lecteur vid\u00e9o vimeo\" src=\"https:\/\/player.vimeo.com\/video\/144545309?color&amp;autopause=0&amp;loop=0&amp;muted=0&amp;title=1&amp;portrait=1&amp;byline=1#t=\"><\/iframe>\t\t<\/div>\n\t\t\t\t\t\t<\/div>\n\t\t\t\t<\/div>\n\t\t\t\t<div class=\"elementor-element elementor-element-bf76a5c elementor-widget elementor-widget-text-editor\" data-id=\"bf76a5c\" data-element_type=\"widget\" data-e-type=\"widget\" data-widget_type=\"text-editor.default\">\n\t\t\t\t<div class=\"elementor-widget-container\">\n\t\t\t\t\t\t\t\t\t<p>T\u00e9l\u00e9charger le document PDF de la transcription de cette r\u00e9flexion qui inclue les questions \u00e0 discuter.<\/p>\t\t\t\t\t\t\t\t<\/div>\n\t\t\t\t<\/div>\n\t\t\t\t<div class=\"elementor-element elementor-element-e50a8f1 elementor-align-center elementor-widget elementor-widget-button\" data-id=\"e50a8f1\" data-element_type=\"widget\" data-e-type=\"widget\" data-widget_type=\"button.default\">\n\t\t\t\t<div class=\"elementor-widget-container\">\n\t\t\t\t\t\t\t\t\t<div class=\"elementor-button-wrapper\">\n\t\t\t\t\t<a class=\"elementor-button elementor-button-link elementor-size-sm\" href=\"https:\/\/www.churchesindialogue.ca\/wp-content\/uploads\/What-is-my-mission-in-life_FR.pdf\">\n\t\t\t\t\t\t<span class=\"elementor-button-content-wrapper\">\n\t\t\t\t\t\t<span class=\"elementor-button-icon\">\n\t\t\t\t<i aria-hidden=\"true\" class=\"far fa-file-pdf\"><\/i>\t\t\t<\/span>\n\t\t\t\t\t\t\t\t\t<span class=\"elementor-button-text\">T\u00e9l\u00e9charger le document PDF de la transcription<\/span>\n\t\t\t\t\t<\/span>\n\t\t\t\t\t<\/a>\n\t\t\t\t<\/div>\n\t\t\t\t\t\t\t\t<\/div>\n\t\t\t\t<\/div>\n\t\t\t\t\t<\/div>\n\t\t<\/div>\n\t\t\t\t\t<\/div>\n\t\t<\/section>\n\t\t\t\t<\/div>\n\t\t","protected":false},"excerpt":{"rendered":"<p>https:\/\/vimeo.com\/144545309 T\u00e9l\u00e9charger le document PDF de la transcription de cette r\u00e9flexion qui inclue les questions \u00e0 discuter. T\u00e9l\u00e9charger le document PDF de la transcription<\/p>\n","protected":false},"author":2,"featured_media":305,"parent":536,"menu_order":30,"comment_status":"closed","ping_status":"closed","template":"","meta":{"_acf_changed":false,"_monsterinsights_skip_tracking":false,"_monsterinsights_sitenote_active":false,"_monsterinsights_sitenote_note":"","_monsterinsights_sitenote_category":0,"footnotes":""},"tags":[15,18],"class_list":["post-313","page","type-page","status-publish","has-post-thumbnail","hentry","tag-dyew-fr","tag-dyew-fr-fr"],"acf":[],"yoast_head":"<!-- This site is optimized with the Yoast SEO plugin v27.3 - https:\/\/yoast.com\/product\/yoast-seo-wordpress\/ -->\n<title>Quelle est ma mission dans la vie? - Churches in Dialogue<\/title>\n<meta name=\"robots\" content=\"index, follow, max-snippet:-1, max-image-preview:large, max-video-preview:-1\" \/>\n<link rel=\"canonical\" href=\"https:\/\/www.churchesindialogue.ca\/fr\/vous-etes-vous-deja-demandes\/quelle-est-ma-mission-dans-la-vie\/\" \/>\n<meta property=\"og:locale\" content=\"fr_CA\" \/>\n<meta property=\"og:type\" content=\"article\" \/>\n<meta property=\"og:title\" content=\"Quelle est ma mission dans la vie? - Churches in Dialogue\" \/>\n<meta property=\"og:description\" content=\"https:\/\/vimeo.com\/144545309 T\u00e9l\u00e9charger le document PDF de la transcription de cette r\u00e9flexion qui inclue les questions \u00e0 discuter. T\u00e9l\u00e9charger le document PDF de la transcription\" \/>\n<meta property=\"og:url\" content=\"https:\/\/www.churchesindialogue.ca\/fr\/vous-etes-vous-deja-demandes\/quelle-est-ma-mission-dans-la-vie\/\" \/>\n<meta property=\"og:site_name\" content=\"Churches in Dialogue\" \/>\n<meta property=\"article:modified_time\" content=\"2021-12-13T19:42:23+00:00\" \/>\n<meta property=\"og:image\" content=\"https:\/\/www.churchesindialogue.ca\/wp-content\/uploads\/03fb.jpeg\" \/>\n\t<meta property=\"og:image:width\" content=\"1200\" \/>\n\t<meta property=\"og:image:height\" content=\"630\" \/>\n\t<meta property=\"og:image:type\" content=\"image\/jpeg\" \/>\n<meta name=\"twitter:card\" content=\"summary_large_image\" \/>\n<script type=\"application\/ld+json\" class=\"yoast-schema-graph\">{\"@context\":\"https:\\\/\\\/schema.org\",\"@graph\":[{\"@type\":\"WebPage\",\"@id\":\"https:\\\/\\\/www.churchesindialogue.ca\\\/fr\\\/vous-etes-vous-deja-demandes\\\/quelle-est-ma-mission-dans-la-vie\\\/\",\"url\":\"https:\\\/\\\/www.churchesindialogue.ca\\\/fr\\\/vous-etes-vous-deja-demandes\\\/quelle-est-ma-mission-dans-la-vie\\\/\",\"name\":\"Quelle est ma mission dans la vie? - Churches in Dialogue\",\"isPartOf\":{\"@id\":\"https:\\\/\\\/www.churchesindialogue.ca\\\/fr\\\/#website\"},\"primaryImageOfPage\":{\"@id\":\"https:\\\/\\\/www.churchesindialogue.ca\\\/fr\\\/vous-etes-vous-deja-demandes\\\/quelle-est-ma-mission-dans-la-vie\\\/#primaryimage\"},\"image\":{\"@id\":\"https:\\\/\\\/www.churchesindialogue.ca\\\/fr\\\/vous-etes-vous-deja-demandes\\\/quelle-est-ma-mission-dans-la-vie\\\/#primaryimage\"},\"thumbnailUrl\":\"https:\\\/\\\/www.churchesindialogue.ca\\\/wp-content\\\/uploads\\\/03fb.jpeg\",\"datePublished\":\"2021-12-13T19:41:00+00:00\",\"dateModified\":\"2021-12-13T19:42:23+00:00\",\"breadcrumb\":{\"@id\":\"https:\\\/\\\/www.churchesindialogue.ca\\\/fr\\\/vous-etes-vous-deja-demandes\\\/quelle-est-ma-mission-dans-la-vie\\\/#breadcrumb\"},\"inLanguage\":\"fr-CA\",\"potentialAction\":[{\"@type\":\"ReadAction\",\"target\":[\"https:\\\/\\\/www.churchesindialogue.ca\\\/fr\\\/vous-etes-vous-deja-demandes\\\/quelle-est-ma-mission-dans-la-vie\\\/\"]}]},{\"@type\":\"ImageObject\",\"inLanguage\":\"fr-CA\",\"@id\":\"https:\\\/\\\/www.churchesindialogue.ca\\\/fr\\\/vous-etes-vous-deja-demandes\\\/quelle-est-ma-mission-dans-la-vie\\\/#primaryimage\",\"url\":\"https:\\\/\\\/www.churchesindialogue.ca\\\/wp-content\\\/uploads\\\/03fb.jpeg\",\"contentUrl\":\"https:\\\/\\\/www.churchesindialogue.ca\\\/wp-content\\\/uploads\\\/03fb.jpeg\",\"width\":1200,\"height\":630},{\"@type\":\"BreadcrumbList\",\"@id\":\"https:\\\/\\\/www.churchesindialogue.ca\\\/fr\\\/vous-etes-vous-deja-demandes\\\/quelle-est-ma-mission-dans-la-vie\\\/#breadcrumb\",\"itemListElement\":[{\"@type\":\"ListItem\",\"position\":1,\"name\":\"Page d'accueil\",\"item\":\"https:\\\/\\\/www.churchesindialogue.ca\\\/fr\\\/\"},{\"@type\":\"ListItem\",\"position\":2,\"name\":\"Vous \u00eates-vous d\u00e9j\u00e0 demand\u00e9s?\",\"item\":\"https:\\\/\\\/www.churchesindialogue.ca\\\/fr\\\/vous-etes-vous-deja-demandes\\\/\"},{\"@type\":\"ListItem\",\"position\":3,\"name\":\"Quelle est ma mission dans la vie?\"}]},{\"@type\":\"WebSite\",\"@id\":\"https:\\\/\\\/www.churchesindialogue.ca\\\/fr\\\/#website\",\"url\":\"https:\\\/\\\/www.churchesindialogue.ca\\\/fr\\\/\",\"name\":\"Churches in Dialogue\",\"description\":\"Resources from the Anglican-Roman Catholic Dialogue in Canada\",\"publisher\":{\"@id\":\"https:\\\/\\\/www.churchesindialogue.ca\\\/fr\\\/#organization\"},\"potentialAction\":[{\"@type\":\"SearchAction\",\"target\":{\"@type\":\"EntryPoint\",\"urlTemplate\":\"https:\\\/\\\/www.churchesindialogue.ca\\\/fr\\\/?s={search_term_string}\"},\"query-input\":{\"@type\":\"PropertyValueSpecification\",\"valueRequired\":true,\"valueName\":\"search_term_string\"}}],\"inLanguage\":\"fr-CA\"},{\"@type\":\"Organization\",\"@id\":\"https:\\\/\\\/www.churchesindialogue.ca\\\/fr\\\/#organization\",\"name\":\"Churches in Dialogue\",\"url\":\"https:\\\/\\\/www.churchesindialogue.ca\\\/fr\\\/\",\"logo\":{\"@type\":\"ImageObject\",\"inLanguage\":\"fr-CA\",\"@id\":\"https:\\\/\\\/www.churchesindialogue.ca\\\/fr\\\/#\\\/schema\\\/logo\\\/image\\\/\",\"url\":\"https:\\\/\\\/www.churchesindialogue.ca\\\/wp-content\\\/uploads\\\/cid1200.png\",\"contentUrl\":\"https:\\\/\\\/www.churchesindialogue.ca\\\/wp-content\\\/uploads\\\/cid1200.png\",\"width\":1200,\"height\":630,\"caption\":\"Churches in Dialogue\"},\"image\":{\"@id\":\"https:\\\/\\\/www.churchesindialogue.ca\\\/fr\\\/#\\\/schema\\\/logo\\\/image\\\/\"}}]}<\/script>\n<!-- \/ Yoast SEO plugin. -->","yoast_head_json":{"title":"Quelle est ma mission dans la vie? - Churches in Dialogue","robots":{"index":"index","follow":"follow","max-snippet":"max-snippet:-1","max-image-preview":"max-image-preview:large","max-video-preview":"max-video-preview:-1"},"canonical":"https:\/\/www.churchesindialogue.ca\/fr\/vous-etes-vous-deja-demandes\/quelle-est-ma-mission-dans-la-vie\/","og_locale":"fr_CA","og_type":"article","og_title":"Quelle est ma mission dans la vie? - Churches in Dialogue","og_description":"https:\/\/vimeo.com\/144545309 T\u00e9l\u00e9charger le document PDF de la transcription de cette r\u00e9flexion qui inclue les questions \u00e0 discuter. T\u00e9l\u00e9charger le document PDF de la transcription","og_url":"https:\/\/www.churchesindialogue.ca\/fr\/vous-etes-vous-deja-demandes\/quelle-est-ma-mission-dans-la-vie\/","og_site_name":"Churches in Dialogue","article_modified_time":"2021-12-13T19:42:23+00:00","og_image":[{"width":1200,"height":630,"url":"https:\/\/www.churchesindialogue.ca\/wp-content\/uploads\/03fb.jpeg","type":"image\/jpeg"}],"twitter_card":"summary_large_image","schema":{"@context":"https:\/\/schema.org","@graph":[{"@type":"WebPage","@id":"https:\/\/www.churchesindialogue.ca\/fr\/vous-etes-vous-deja-demandes\/quelle-est-ma-mission-dans-la-vie\/","url":"https:\/\/www.churchesindialogue.ca\/fr\/vous-etes-vous-deja-demandes\/quelle-est-ma-mission-dans-la-vie\/","name":"Quelle est ma mission dans la vie? - Churches in Dialogue","isPartOf":{"@id":"https:\/\/www.churchesindialogue.ca\/fr\/#website"},"primaryImageOfPage":{"@id":"https:\/\/www.churchesindialogue.ca\/fr\/vous-etes-vous-deja-demandes\/quelle-est-ma-mission-dans-la-vie\/#primaryimage"},"image":{"@id":"https:\/\/www.churchesindialogue.ca\/fr\/vous-etes-vous-deja-demandes\/quelle-est-ma-mission-dans-la-vie\/#primaryimage"},"thumbnailUrl":"https:\/\/www.churchesindialogue.ca\/wp-content\/uploads\/03fb.jpeg","datePublished":"2021-12-13T19:41:00+00:00","dateModified":"2021-12-13T19:42:23+00:00","breadcrumb":{"@id":"https:\/\/www.churchesindialogue.ca\/fr\/vous-etes-vous-deja-demandes\/quelle-est-ma-mission-dans-la-vie\/#breadcrumb"},"inLanguage":"fr-CA","potentialAction":[{"@type":"ReadAction","target":["https:\/\/www.churchesindialogue.ca\/fr\/vous-etes-vous-deja-demandes\/quelle-est-ma-mission-dans-la-vie\/"]}]},{"@type":"ImageObject","inLanguage":"fr-CA","@id":"https:\/\/www.churchesindialogue.ca\/fr\/vous-etes-vous-deja-demandes\/quelle-est-ma-mission-dans-la-vie\/#primaryimage","url":"https:\/\/www.churchesindialogue.ca\/wp-content\/uploads\/03fb.jpeg","contentUrl":"https:\/\/www.churchesindialogue.ca\/wp-content\/uploads\/03fb.jpeg","width":1200,"height":630},{"@type":"BreadcrumbList","@id":"https:\/\/www.churchesindialogue.ca\/fr\/vous-etes-vous-deja-demandes\/quelle-est-ma-mission-dans-la-vie\/#breadcrumb","itemListElement":[{"@type":"ListItem","position":1,"name":"Page d'accueil","item":"https:\/\/www.churchesindialogue.ca\/fr\/"},{"@type":"ListItem","position":2,"name":"Vous \u00eates-vous d\u00e9j\u00e0 demand\u00e9s?","item":"https:\/\/www.churchesindialogue.ca\/fr\/vous-etes-vous-deja-demandes\/"},{"@type":"ListItem","position":3,"name":"Quelle est ma mission dans la vie?"}]},{"@type":"WebSite","@id":"https:\/\/www.churchesindialogue.ca\/fr\/#website","url":"https:\/\/www.churchesindialogue.ca\/fr\/","name":"Churches in Dialogue","description":"Resources from the Anglican-Roman Catholic Dialogue in Canada","publisher":{"@id":"https:\/\/www.churchesindialogue.ca\/fr\/#organization"},"potentialAction":[{"@type":"SearchAction","target":{"@type":"EntryPoint","urlTemplate":"https:\/\/www.churchesindialogue.ca\/fr\/?s={search_term_string}"},"query-input":{"@type":"PropertyValueSpecification","valueRequired":true,"valueName":"search_term_string"}}],"inLanguage":"fr-CA"},{"@type":"Organization","@id":"https:\/\/www.churchesindialogue.ca\/fr\/#organization","name":"Churches in Dialogue","url":"https:\/\/www.churchesindialogue.ca\/fr\/","logo":{"@type":"ImageObject","inLanguage":"fr-CA","@id":"https:\/\/www.churchesindialogue.ca\/fr\/#\/schema\/logo\/image\/","url":"https:\/\/www.churchesindialogue.ca\/wp-content\/uploads\/cid1200.png","contentUrl":"https:\/\/www.churchesindialogue.ca\/wp-content\/uploads\/cid1200.png","width":1200,"height":630,"caption":"Churches in Dialogue"},"image":{"@id":"https:\/\/www.churchesindialogue.ca\/fr\/#\/schema\/logo\/image\/"}}]}},"_links":{"self":[{"href":"https:\/\/www.churchesindialogue.ca\/fr\/wp-json\/wp\/v2\/pages\/313","targetHints":{"allow":["GET"]}}],"collection":[{"href":"https:\/\/www.churchesindialogue.ca\/fr\/wp-json\/wp\/v2\/pages"}],"about":[{"href":"https:\/\/www.churchesindialogue.ca\/fr\/wp-json\/wp\/v2\/types\/page"}],"author":[{"embeddable":true,"href":"https:\/\/www.churchesindialogue.ca\/fr\/wp-json\/wp\/v2\/users\/2"}],"replies":[{"embeddable":true,"href":"https:\/\/www.churchesindialogue.ca\/fr\/wp-json\/wp\/v2\/comments?post=313"}],"version-history":[{"count":4,"href":"https:\/\/www.churchesindialogue.ca\/fr\/wp-json\/wp\/v2\/pages\/313\/revisions"}],"predecessor-version":[{"id":319,"href":"https:\/\/www.churchesindialogue.ca\/fr\/wp-json\/wp\/v2\/pages\/313\/revisions\/319"}],"up":[{"embeddable":true,"href":"https:\/\/www.churchesindialogue.ca\/fr\/wp-json\/wp\/v2\/pages\/536"}],"wp:featuredmedia":[{"embeddable":true,"href":"https:\/\/www.churchesindialogue.ca\/fr\/wp-json\/wp\/v2\/media\/305"}],"wp:attachment":[{"href":"https:\/\/www.churchesindialogue.ca\/fr\/wp-json\/wp\/v2\/media?parent=313"}],"wp:term":[{"taxonomy":"post_tag","embeddable":true,"href":"https:\/\/www.churchesindialogue.ca\/fr\/wp-json\/wp\/v2\/tags?post=313"}],"curies":[{"name":"wp","href":"https:\/\/api.w.org\/{rel}","templated":true}]}}